{"id":1397,"date":"2025-01-07T22:19:58","date_gmt":"2025-01-07T22:19:58","guid":{"rendered":"https:\/\/publicidad.digitaldack.cl\/?post_type=product&#038;p=1397"},"modified":"2025-02-08T07:34:42","modified_gmt":"2025-02-08T07:34:42","slug":"hagamos-power-tu-marca-preventa-1","status":"publish","type":"product","link":"https:\/\/publicidad.digitaldack.cl\/index.php\/producto\/hagamos-power-tu-marca-preventa-1\/","title":{"rendered":"Venta en Puerta"},"content":{"rendered":"","protected":false},"excerpt":{"rendered":"<h1>Hagamos Power Tu Marca<\/h1>\n<p>Evento de Marketing m\u00e1s grande de la Regi\u00f3n Del Maule con foco en administraci\u00f3n de los canales digitales y publicidad local.<br \/>\nD\u00eda 08 de febrero a las 10:00 am en Club La Uni\u00f3n Linares.<\/p>\n<h2>Programa<\/h2>\n<p>\ud83e\udd16 Gana m\u00e1s gastando menos con IA<br \/>\n\ud83e\udd16 Automatizar y gestionar m\u00faltiples plataformas<br \/>\n\ud83e\udd16 Conoce a tus clientes con Inteligencia Artificial<br \/>\n\ud83e\udd16 Calidad v\/s Cantidad de contenido<\/p>\n<p>\ud83d\udd25 Crear Embudos de Venta<br \/>\n\ud83d\udd25 Mejorar flujo de Venta<br \/>\n\ud83d\udd25 Aprender\u00e1s a hacer Campa\u00f1as Pagadas<br \/>\n\ud83d\udd25 Adaptar contenido para constantes cambios<\/p>\n<p>\u26a1\ufe0f Estrategias efectivas<br \/>\n\u26a1\ufe0f Contenido org\u00e1nico<br \/>\n\u26a1\ufe0f Optimiza la creaci\u00f3n de contenido<br \/>\n\u26a1\ufe0f Tono y Voz de tu Marca<\/p>\n","protected":false},"featured_media":1220,"comment_status":"closed","ping_status":"closed","template":"","meta":{"_kad_blocks_custom_css":"","_kad_blocks_head_custom_js":"","_kad_blocks_body_custom_js":"","_kad_blocks_footer_custom_js":"","_kadence_starter_templates_imported_post":false,"_kad_post_transparent":"default","_kad_post_title":"","_kad_post_layout":"default","_kad_post_sidebar_id":"","_kad_post_content_style":"default","_kad_post_vertical_padding":"default","_kad_post_feature":"","_kad_post_feature_position":"","_kad_post_header":false,"_kad_post_footer":false,"_kad_post_classname":"","_joinchat":[]},"product_brand":[],"product_cat":[20,21],"product_tag":[24,23,25],"class_list":{"0":"post-1397","1":"product","2":"type-product","3":"status-publish","4":"has-post-thumbnail","6":"product_cat-evento-presencial","7":"product_cat-linares","8":"product_tag-2-0","9":"product_tag-hagamos-power-tu-marca","10":"product_tag-linares","12":"first","13":"instock","14":"virtual","15":"purchasable","16":"product-type-simple","17":"entry","18":"content-bg","19":"loop-entry"},"taxonomy_info":{"product_cat":[{"value":20,"label":"Evento Presencial"},{"value":21,"label":"Linares"}],"product_tag":[{"value":24,"label":"2.0"},{"value":23,"label":"Hagamos power tu marca"},{"value":25,"label":"Linares"}]},"featured_image_src_large":["https:\/\/publicidad.digitaldack.cl\/wp-content\/uploads\/2024\/02\/2Mesa-de-trabajo-3-576x1024.png",576,1024,true],"author_info":[],"comment_info":0,"_links":{"self":[{"href":"https:\/\/publicidad.digitaldack.cl\/index.php\/wp-json\/wp\/v2\/product\/1397","targetHints":{"allow":["GET"]}}],"collection":[{"href":"https:\/\/publicidad.digitaldack.cl\/index.php\/wp-json\/wp\/v2\/product"}],"about":[{"href":"https:\/\/publicidad.digitaldack.cl\/index.php\/wp-json\/wp\/v2\/types\/product"}],"replies":[{"embeddable":true,"href":"https:\/\/publicidad.digitaldack.cl\/index.php\/wp-json\/wp\/v2\/comments?post=1397"}],"wp:featuredmedia":[{"embeddable":true,"href":"https:\/\/publicidad.digitaldack.cl\/index.php\/wp-json\/wp\/v2\/media\/1220"}],"wp:attachment":[{"href":"https:\/\/publicidad.digitaldack.cl\/index.php\/wp-json\/wp\/v2\/media?parent=1397"}],"wp:term":[{"taxonomy":"product_brand","embeddable":true,"href":"https:\/\/publicidad.digitaldack.cl\/index.php\/wp-json\/wp\/v2\/product_brand?post=1397"},{"taxonomy":"product_cat","embeddable":true,"href":"https:\/\/publicidad.digitaldack.cl\/index.php\/wp-json\/wp\/v2\/product_cat?post=1397"},{"taxonomy":"product_tag","embeddable":true,"href":"https:\/\/publicidad.digitaldack.cl\/index.php\/wp-json\/wp\/v2\/product_tag?post=1397"}],"curies":[{"name":"wp","href":"https:\/\/api.w.org\/{rel}","templated":true}]}}